{"id":2300,"date":"2023-11-23T10:31:51","date_gmt":"2023-11-23T10:31:51","guid":{"rendered":"https:\/\/nutriia.fr\/?page_id=2300"},"modified":"2023-12-07T15:06:55","modified_gmt":"2023-12-07T15:06:55","slug":"documentation","status":"publish","type":"page","link":"https:\/\/nutriia.fr\/fr\/documentation\/","title":{"rendered":"Documentation"},"content":{"rendered":"<style>.wp-block-kadence-advancedheading.kt-adv-heading2300_b7e038-87, .wp-block-kadence-advancedheading.kt-adv-heading2300_b7e038-87[data-kb-block=\"kb-adv-heading2300_b7e038-87\"]{font-style:normal;}.wp-block-kadence-advancedheading.kt-adv-heading2300_b7e038-87 mark.kt-highlight, .wp-block-kadence-advancedheading.kt-adv-heading2300_b7e038-87[data-kb-block=\"kb-adv-heading2300_b7e038-87\"] mark.kt-highlight{font-style:normal;color:#f76a0c;-webkit-box-decoration-break:clone;box-decoration-break:clone;padding-top:0px;padding-right:0px;padding-bottom:0px;padding-left:0px;}<\/style>\n<h3 class=\"kt-adv-heading2300_b7e038-87 wp-block-kadence-advancedheading\" data-kb-block=\"kb-adv-heading2300_b7e038-87\">Documentation Compl\u00e8te<\/h3>\n\n\n<style>.kb-row-layout-id2300_05fe98-f3 > .kt-row-column-wrap{align-content:start;}:where(.kb-row-layout-id2300_05fe98-f3 > .kt-row-column-wrap) > .wp-block-kadence-column{justify-content:start;}.kb-row-layout-id2300_05fe98-f3 > .kt-row-column-wrap{column-gap:var(--global-kb-gap-md, 2rem);row-gap:var(--global-kb-gap-md, 2rem);padding-top:var(--global-kb-spacing-sm, 1.5rem);padding-bottom:var(--global-kb-spacing-sm, 1.5rem);grid-template-columns:repeat(2, minmax(0, 1fr));}.kb-row-layout-id2300_05fe98-f3 > .kt-row-layout-overlay{opacity:0.30;}@media all and (max-width: 1024px){.kb-row-layout-id2300_05fe98-f3 > .kt-row-column-wrap{grid-template-columns:repeat(2, minmax(0, 1fr));}}@media all and (max-width: 767px){.kb-row-layout-id2300_05fe98-f3 > .kt-row-column-wrap{grid-template-columns:minmax(0, 1fr);}}<\/style><div class=\"kb-row-layout-wrap kb-row-layout-id2300_05fe98-f3 alignnone wp-block-kadence-rowlayout\"><div class=\"kt-row-column-wrap kt-has-2-columns kt-row-layout-equal kt-tab-layout-inherit kt-mobile-layout-row kt-row-valign-top\">\n<style>.kadence-column2300_fd7c83-f3 > .kt-inside-inner-col,.kadence-column2300_fd7c83-f3 > .kt-inside-inner-col:before{border-top-left-radius:0px;border-top-right-radius:0px;border-bottom-right-radius:0px;border-bottom-left-radius:0px;}.kadence-column2300_fd7c83-f3 > .kt-inside-inner-col{column-gap:var(--global-kb-gap-sm, 1rem);}.kadence-column2300_fd7c83-f3 > .kt-inside-inner-col{flex-direction:column;}.kadence-column2300_fd7c83-f3 > .kt-inside-inner-col > .aligncenter{width:100%;}.kadence-column2300_fd7c83-f3 > .kt-inside-inner-col:before{opacity:0.3;}.kadence-column2300_fd7c83-f3{position:relative;}@media all and (max-width: 1024px){.kadence-column2300_fd7c83-f3 > .kt-inside-inner-col{flex-direction:column;justify-content:center;}}@media all and (max-width: 767px){.kadence-column2300_fd7c83-f3 > .kt-inside-inner-col{flex-direction:column;justify-content:center;}}<\/style>\n<div class=\"wp-block-kadence-column kadence-column2300_fd7c83-f3\"><div class=\"kt-inside-inner-col\"><style>.wp-block-kadence-advancedheading.kt-adv-heading2300_071526-a8, .wp-block-kadence-advancedheading.kt-adv-heading2300_071526-a8[data-kb-block=\"kb-adv-heading2300_071526-a8\"]{font-style:normal;}.wp-block-kadence-advancedheading.kt-adv-heading2300_071526-a8 mark.kt-highlight, .wp-block-kadence-advancedheading.kt-adv-heading2300_071526-a8[data-kb-block=\"kb-adv-heading2300_071526-a8\"] mark.kt-highlight{font-style:normal;color:#f76a0c;-webkit-box-decoration-break:clone;box-decoration-break:clone;padding-top:0px;padding-right:0px;padding-bottom:0px;padding-left:0px;}@media all and (max-width: 767px){.wp-block-kadence-advancedheading.kt-adv-heading2300_071526-a8, .wp-block-kadence-advancedheading.kt-adv-heading2300_071526-a8[data-kb-block=\"kb-adv-heading2300_071526-a8\"]{font-size:16px;}}<\/style>\n<p class=\"kt-adv-heading2300_071526-a8 wp-block-kadence-advancedheading\" data-kb-block=\"kb-adv-heading2300_071526-a8\">Bienvenue dans notre documentation sur la nutrition, soigneusement organis\u00e9e pour vous servir de boussole dans les domaines de la sant\u00e9, de la condition physique et de la performance sportive. Que vous recherchiez une sant\u00e9 optimale, cherchiez \u00e0 am\u00e9liorer votre bien-\u00eatre physique ou aspiriez \u00e0 exceller dans le sport, cette documentation offre une richesse de connaissances, des strat\u00e9gies fond\u00e9es sur la recherche et des conseils pratiques. <\/p>\n\n\n<style>.wp-block-kadence-advancedheading.kt-adv-heading2300_2a3ae6-df, .wp-block-kadence-advancedheading.kt-adv-heading2300_2a3ae6-df[data-kb-block=\"kb-adv-heading2300_2a3ae6-df\"]{font-style:normal;}.wp-block-kadence-advancedheading.kt-adv-heading2300_2a3ae6-df mark.kt-highlight, .wp-block-kadence-advancedheading.kt-adv-heading2300_2a3ae6-df[data-kb-block=\"kb-adv-heading2300_2a3ae6-df\"] mark.kt-highlight{font-style:normal;color:#f76a0c;-webkit-box-decoration-break:clone;box-decoration-break:clone;padding-top:0px;padding-right:0px;padding-bottom:0px;padding-left:0px;}@media all and (max-width: 767px){.wp-block-kadence-advancedheading.kt-adv-heading2300_2a3ae6-df, .wp-block-kadence-advancedheading.kt-adv-heading2300_2a3ae6-df[data-kb-block=\"kb-adv-heading2300_2a3ae6-df\"]{font-size:16px;}}<\/style>\n<p class=\"kt-adv-heading2300_2a3ae6-df wp-block-kadence-advancedheading\" data-kb-block=\"kb-adv-heading2300_2a3ae6-df\">En parcourant ces pages, vous d\u00e9couvrirez une mine d\u2019informations con\u00e7ues pour vous aider dans votre parcours unique vers un mode de vie \u00e9quilibr\u00e9, sain et performant. <\/p>\n\n\n<style>.wp-block-kadence-iconlist.kt-svg-icon-list-items2300_b82061-0b:not(.this-stops-third-party-issues){margin-top:0px;margin-bottom:0px;}.wp-block-kadence-iconlist.kt-svg-icon-list-items2300_b82061-0b ul.kt-svg-icon-list:not(.this-prevents-issues):not(.this-stops-third-party-issues):not(.tijsloc){margin-top:0px;margin-right:0px;margin-bottom:var(--global-kb-spacing-sm, 1.5rem);margin-left:0px;}.wp-block-kadence-iconlist.kt-svg-icon-list-items2300_b82061-0b ul.kt-svg-icon-list{grid-row-gap:5px;}.wp-block-kadence-iconlist.kt-svg-icon-list-items2300_b82061-0b ul.kt-svg-icon-list .kt-svg-icon-list-item-wrap .kt-svg-icon-list-single{margin-right:10px;}.kt-svg-icon-list-items2300_b82061-0b ul.kt-svg-icon-list .kt-svg-icon-list-level-0 .kt-svg-icon-list-single svg{font-size:20px;}<\/style>\n<div class=\"wp-block-kadence-iconlist kt-svg-icon-list-items kt-svg-icon-list-items2300_b82061-0b kt-svg-icon-list-columns-1 alignnone\"><ul class=\"kt-svg-icon-list\"><style>.kt-svg-icon-list-item-2300_8f8322-65 .kt-svg-icon-list-single{color:var(--global-palette1, #3182CE) !important;}.kt-svg-icon-list-item-2300_8f8322-65 .kt-svg-icon-list-text mark.kt-highlight{background-color:unset;font-style:normal;color:#f76a0c;-webkit-box-decoration-break:clone;box-decoration-break:clone;padding-top:0px;padding-right:0px;padding-bottom:0px;padding-left:0px;}<\/style>\n<li class=\"wp-block-kadence-listitem kt-svg-icon-list-item-wrap kt-svg-icon-list-item-2300_8f8322-65\"><span class=\"kb-svg-icon-wrap kb-svg-icon-fe_checkCircle kt-svg-icon-list-single\"><svg viewbox=\"0 0 24 24\"  fill=\"none\" stroke=\"currentColor\" stroke-width=\"2\" stroke-linecap=\"round\" stroke-linejoin=\"round\" xmlns=\"http:\/\/www.w3.org\/2000\/svg\"  aria-hidden=\"true\"><path d=\"M22 11.08V12a10 10 0 1 1-5.93-9.14\"\/><polyline points=\"22 4 12 14.01 9 11.01\"\/><\/svg><\/span><span class=\"kt-svg-icon-list-text\"><a href=\"https:\/\/nutriia.fr\/fr\/fundamentals-of-nutrition\/\">Les fondamentaux de la nutrition<\/a><\/span><\/li>\n\n\n<style>.kt-svg-icon-list-item-2300_391307-a5 .kt-svg-icon-list-single{color:var(--global-palette1, #3182CE) !important;}.kt-svg-icon-list-item-2300_391307-a5 .kt-svg-icon-list-text mark.kt-highlight{background-color:unset;font-style:normal;color:#f76a0c;-webkit-box-decoration-break:clone;box-decoration-break:clone;padding-top:0px;padding-right:0px;padding-bottom:0px;padding-left:0px;}<\/style>\n<li class=\"wp-block-kadence-listitem kt-svg-icon-list-item-wrap kt-svg-icon-list-item-2300_391307-a5\"><span class=\"kb-svg-icon-wrap kb-svg-icon-fe_checkCircle kt-svg-icon-list-single\"><svg viewbox=\"0 0 24 24\"  fill=\"none\" stroke=\"currentColor\" stroke-width=\"2\" stroke-linecap=\"round\" stroke-linejoin=\"round\" xmlns=\"http:\/\/www.w3.org\/2000\/svg\"  aria-hidden=\"true\"><path d=\"M22 11.08V12a10 10 0 1 1-5.93-9.14\"\/><polyline points=\"22 4 12 14.01 9 11.01\"\/><\/svg><\/span><span class=\"kt-svg-icon-list-text\"><a href=\"https:\/\/nutriia.fr\/fr\/macronutrients\/\">Les macronutriments<\/a><\/span><\/li>\n\n\n<style>.kt-svg-icon-list-item-2300_9e954c-4e .kt-svg-icon-list-single{color:var(--global-palette1, #3182CE) !important;}.kt-svg-icon-list-item-2300_9e954c-4e .kt-svg-icon-list-text mark.kt-highlight{background-color:unset;font-style:normal;color:#f76a0c;-webkit-box-decoration-break:clone;box-decoration-break:clone;padding-top:0px;padding-right:0px;padding-bottom:0px;padding-left:0px;}<\/style>\n<li class=\"wp-block-kadence-listitem kt-svg-icon-list-item-wrap kt-svg-icon-list-item-2300_9e954c-4e\"><span class=\"kb-svg-icon-wrap kb-svg-icon-fe_checkCircle kt-svg-icon-list-single\"><svg viewbox=\"0 0 24 24\"  fill=\"none\" stroke=\"currentColor\" stroke-width=\"2\" stroke-linecap=\"round\" stroke-linejoin=\"round\" xmlns=\"http:\/\/www.w3.org\/2000\/svg\"  aria-hidden=\"true\"><path d=\"M22 11.08V12a10 10 0 1 1-5.93-9.14\"\/><polyline points=\"22 4 12 14.01 9 11.01\"\/><\/svg><\/span><span class=\"kt-svg-icon-list-text\"><a href=\"https:\/\/nutriia.fr\/fr\/micronutrients\/\">Les micronutriments<\/a><\/span><\/li>\n\n\n<style>.kt-svg-icon-list-item-2300_a69b30-7b .kt-svg-icon-list-single{color:var(--global-palette1, #3182CE) !important;}.kt-svg-icon-list-item-2300_a69b30-7b .kt-svg-icon-list-text mark.kt-highlight{background-color:unset;font-style:normal;color:#f76a0c;-webkit-box-decoration-break:clone;box-decoration-break:clone;padding-top:0px;padding-right:0px;padding-bottom:0px;padding-left:0px;}<\/style>\n<li class=\"wp-block-kadence-listitem kt-svg-icon-list-item-wrap kt-svg-icon-list-item-2300_a69b30-7b\"><span class=\"kb-svg-icon-wrap kb-svg-icon-fe_checkCircle kt-svg-icon-list-single\"><svg viewbox=\"0 0 24 24\"  fill=\"none\" stroke=\"currentColor\" stroke-width=\"2\" stroke-linecap=\"round\" stroke-linejoin=\"round\" xmlns=\"http:\/\/www.w3.org\/2000\/svg\"  aria-hidden=\"true\"><path d=\"M22 11.08V12a10 10 0 1 1-5.93-9.14\"\/><polyline points=\"22 4 12 14.01 9 11.01\"\/><\/svg><\/span><span class=\"kt-svg-icon-list-text\"><a href=\"https:\/\/nutriia.fr\/fr\/impact-of-nutrition\/\">L'impact de la nutrition<\/a><\/span><\/li>\n<\/ul><\/div>\n<\/div><\/div>\n\n\n<style>.kadence-column2300_32b717-03 > .kt-inside-inner-col,.kadence-column2300_32b717-03 > .kt-inside-inner-col:before{border-top-left-radius:0px;border-top-right-radius:0px;border-bottom-right-radius:0px;border-bottom-left-radius:0px;}.kadence-column2300_32b717-03 > .kt-inside-inner-col{column-gap:var(--global-kb-gap-sm, 1rem);}.kadence-column2300_32b717-03 > .kt-inside-inner-col{flex-direction:column;}.kadence-column2300_32b717-03 > .kt-inside-inner-col > .aligncenter{width:100%;}.kadence-column2300_32b717-03 > .kt-inside-inner-col:before{opacity:0.3;}.kadence-column2300_32b717-03{position:relative;}@media all and (max-width: 1024px){.kadence-column2300_32b717-03 > .kt-inside-inner-col{flex-direction:column;justify-content:center;}}@media all and (max-width: 767px){.kadence-column2300_32b717-03 > .kt-inside-inner-col{flex-direction:column;justify-content:center;}}<\/style>\n<div class=\"wp-block-kadence-column kadence-column2300_32b717-03\"><div class=\"kt-inside-inner-col\"><style>.kb-image2300_b32a10-e5 .kb-image-has-overlay:after{opacity:0.3;}<\/style>\n<div class=\"wp-block-kadence-image kb-image2300_b32a10-e5\"><figure class=\"aligncenter size-large\"><img loading=\"lazy\" decoding=\"async\" width=\"1024\" height=\"683\" src=\"https:\/\/nutriia.fr\/wp-content\/uploads\/2022\/01\/pexels-daria-shevtsova-704971-1024x683.jpg\" alt=\"\" class=\"kb-img wp-image-469\" srcset=\"https:\/\/nutriia.fr\/wp-content\/uploads\/2022\/01\/pexels-daria-shevtsova-704971-1024x683.jpg 1024w, https:\/\/nutriia.fr\/wp-content\/uploads\/2022\/01\/pexels-daria-shevtsova-704971-300x200.jpg 300w, https:\/\/nutriia.fr\/wp-content\/uploads\/2022\/01\/pexels-daria-shevtsova-704971-768x512.jpg 768w, https:\/\/nutriia.fr\/wp-content\/uploads\/2022\/01\/pexels-daria-shevtsova-704971-1536x1024.jpg 1536w, https:\/\/nutriia.fr\/wp-content\/uploads\/2022\/01\/pexels-daria-shevtsova-704971.jpg 1920w\" sizes=\"(max-width: 1024px) 100vw, 1024px\" \/><\/figure><\/div>\n<\/div><\/div>\n\n<\/div><\/div>","protected":false},"excerpt":{"rendered":"<p>Comprehensive Documentation Welcome to our documentation on nutrition, meticulously curated to serve as your compass in the realms of health, physical conditioning, and sports performance. Whether you are striving for optimal health, seeking to enhance your physical well-being, or aspiring to excel in sports, this documentation offers a wealth of knowledge, research-backed strategies, and practical&#8230;<\/p>","protected":false},"author":1,"featured_media":0,"parent":0,"menu_order":0,"comment_status":"closed","ping_status":"closed","template":"","meta":{"_bbp_topic_count":0,"_bbp_reply_count":0,"_bbp_total_topic_count":0,"_bbp_total_reply_count":0,"_bbp_voice_count":0,"_bbp_anonymous_reply_count":0,"_bbp_topic_count_hidden":0,"_bbp_reply_count_hidden":0,"_bbp_forum_subforum_count":0,"_kadence_starter_templates_imported_post":false,"_kad_post_transparent":"","_kad_post_title":"hide","_kad_post_layout":"","_kad_post_sidebar_id":"","_kad_post_content_style":"","_kad_post_vertical_padding":"","_kad_post_feature":"","_kad_post_feature_position":"","_kad_post_header":false,"_kad_post_footer":false,"footnotes":""},"class_list":["post-2300","page","type-page","status-publish","hentry"],"yoast_head":"<!-- This site is optimized with the Yoast SEO plugin v24.8.1 - https:\/\/yoast.com\/wordpress\/plugins\/seo\/ -->\n<title>Documentation - NUTRIIA<\/title>\n<meta name=\"robots\" content=\"index, follow, max-snippet:-1, max-image-preview:large, max-video-preview:-1\" \/>\n<link rel=\"canonical\" href=\"https:\/\/nutriia.fr\/fr\/documentation\/\" \/>\n<meta property=\"og:locale\" content=\"fr_FR\" \/>\n<meta property=\"og:type\" content=\"article\" \/>\n<meta property=\"og:title\" content=\"Documentation - NUTRIIA\" \/>\n<meta property=\"og:description\" content=\"Comprehensive Documentation Welcome to our documentation on nutrition, meticulously curated to serve as your compass in the realms of health, physical conditioning, and sports performance. Whether you are striving for optimal health, seeking to enhance your physical well-being, or aspiring to excel in sports, this documentation offers a wealth of knowledge, research-backed strategies, and practical...\" \/>\n<meta property=\"og:url\" content=\"https:\/\/nutriia.fr\/fr\/documentation\/\" \/>\n<meta property=\"og:site_name\" content=\"NUTRIIA\" \/>\n<meta property=\"article:modified_time\" content=\"2023-12-07T15:06:55+00:00\" \/>\n<meta property=\"og:image\" content=\"https:\/\/nutriia.fr\/wp-content\/uploads\/2022\/01\/pexels-daria-shevtsova-704971-1024x683.jpg\" \/>\n<meta name=\"twitter:card\" content=\"summary_large_image\" \/>\n<meta name=\"twitter:label1\" content=\"Dur\u00e9e de lecture estim\u00e9e\" \/>\n\t<meta name=\"twitter:data1\" content=\"1 minute\" \/>\n<script type=\"application\/ld+json\" class=\"yoast-schema-graph\">{\"@context\":\"https:\/\/schema.org\",\"@graph\":[{\"@type\":\"WebPage\",\"@id\":\"https:\/\/nutriia.fr\/en_us\/documentation\/\",\"url\":\"https:\/\/nutriia.fr\/en_us\/documentation\/\",\"name\":\"Documentation - NUTRIIA\",\"isPartOf\":{\"@id\":\"https:\/\/nutriia.fr\/en_us\/#website\"},\"primaryImageOfPage\":{\"@id\":\"https:\/\/nutriia.fr\/en_us\/documentation\/#primaryimage\"},\"image\":{\"@id\":\"https:\/\/nutriia.fr\/en_us\/documentation\/#primaryimage\"},\"thumbnailUrl\":\"https:\/\/nutriia.fr\/wp-content\/uploads\/2022\/01\/pexels-daria-shevtsova-704971-1024x683.jpg\",\"datePublished\":\"2023-11-23T10:31:51+00:00\",\"dateModified\":\"2023-12-07T15:06:55+00:00\",\"breadcrumb\":{\"@id\":\"https:\/\/nutriia.fr\/en_us\/documentation\/#breadcrumb\"},\"inLanguage\":\"fr-FR\",\"potentialAction\":[{\"@type\":\"ReadAction\",\"target\":[\"https:\/\/nutriia.fr\/en_us\/documentation\/\"]}]},{\"@type\":\"ImageObject\",\"inLanguage\":\"fr-FR\",\"@id\":\"https:\/\/nutriia.fr\/en_us\/documentation\/#primaryimage\",\"url\":\"https:\/\/nutriia.fr\/wp-content\/uploads\/2022\/01\/pexels-daria-shevtsova-704971-1024x683.jpg\",\"contentUrl\":\"https:\/\/nutriia.fr\/wp-content\/uploads\/2022\/01\/pexels-daria-shevtsova-704971-1024x683.jpg\"},{\"@type\":\"BreadcrumbList\",\"@id\":\"https:\/\/nutriia.fr\/en_us\/documentation\/#breadcrumb\",\"itemListElement\":[{\"@type\":\"ListItem\",\"position\":1,\"name\":\"Home\",\"item\":\"https:\/\/nutriia.fr\/en_us\/\"},{\"@type\":\"ListItem\",\"position\":2,\"name\":\"Documentation\"}]},{\"@type\":\"WebSite\",\"@id\":\"https:\/\/nutriia.fr\/en_us\/#website\",\"url\":\"https:\/\/nutriia.fr\/en_us\/\",\"name\":\"NUTRIIA\",\"description\":\"The First AI-Powered Dietetics Mobile Application\",\"publisher\":{\"@id\":\"https:\/\/nutriia.fr\/en_us\/#organization\"},\"potentialAction\":[{\"@type\":\"SearchAction\",\"target\":{\"@type\":\"EntryPoint\",\"urlTemplate\":\"https:\/\/nutriia.fr\/en_us\/?s={search_term_string}\"},\"query-input\":{\"@type\":\"PropertyValueSpecification\",\"valueRequired\":true,\"valueName\":\"search_term_string\"}}],\"inLanguage\":\"fr-FR\"},{\"@type\":\"Organization\",\"@id\":\"https:\/\/nutriia.fr\/en_us\/#organization\",\"name\":\"NUTRIIA\",\"url\":\"https:\/\/nutriia.fr\/en_us\/\",\"logo\":{\"@type\":\"ImageObject\",\"inLanguage\":\"fr-FR\",\"@id\":\"https:\/\/nutriia.fr\/en_us\/#\/schema\/logo\/image\/\",\"url\":\"https:\/\/nutriia.fr\/wp-content\/uploads\/2023\/11\/Original-on-Transparent.png\",\"contentUrl\":\"https:\/\/nutriia.fr\/wp-content\/uploads\/2023\/11\/Original-on-Transparent.png\",\"width\":3000,\"height\":2640,\"caption\":\"NUTRIIA\"},\"image\":{\"@id\":\"https:\/\/nutriia.fr\/en_us\/#\/schema\/logo\/image\/\"}}]}<\/script>\n<!-- \/ Yoast SEO plugin. -->","yoast_head_json":{"title":"Documentation - NUTRIIA","robots":{"index":"index","follow":"follow","max-snippet":"max-snippet:-1","max-image-preview":"max-image-preview:large","max-video-preview":"max-video-preview:-1"},"canonical":"https:\/\/nutriia.fr\/fr\/documentation\/","og_locale":"fr_FR","og_type":"article","og_title":"Documentation - NUTRIIA","og_description":"Comprehensive Documentation Welcome to our documentation on nutrition, meticulously curated to serve as your compass in the realms of health, physical conditioning, and sports performance. Whether you are striving for optimal health, seeking to enhance your physical well-being, or aspiring to excel in sports, this documentation offers a wealth of knowledge, research-backed strategies, and practical...","og_url":"https:\/\/nutriia.fr\/fr\/documentation\/","og_site_name":"NUTRIIA","article_modified_time":"2023-12-07T15:06:55+00:00","og_image":[{"url":"https:\/\/nutriia.fr\/wp-content\/uploads\/2022\/01\/pexels-daria-shevtsova-704971-1024x683.jpg","type":"","width":"","height":""}],"twitter_card":"summary_large_image","twitter_misc":{"Dur\u00e9e de lecture estim\u00e9e":"1 minute"},"schema":{"@context":"https:\/\/schema.org","@graph":[{"@type":"WebPage","@id":"https:\/\/nutriia.fr\/en_us\/documentation\/","url":"https:\/\/nutriia.fr\/en_us\/documentation\/","name":"Documentation - NUTRIIA","isPartOf":{"@id":"https:\/\/nutriia.fr\/en_us\/#website"},"primaryImageOfPage":{"@id":"https:\/\/nutriia.fr\/en_us\/documentation\/#primaryimage"},"image":{"@id":"https:\/\/nutriia.fr\/en_us\/documentation\/#primaryimage"},"thumbnailUrl":"https:\/\/nutriia.fr\/wp-content\/uploads\/2022\/01\/pexels-daria-shevtsova-704971-1024x683.jpg","datePublished":"2023-11-23T10:31:51+00:00","dateModified":"2023-12-07T15:06:55+00:00","breadcrumb":{"@id":"https:\/\/nutriia.fr\/en_us\/documentation\/#breadcrumb"},"inLanguage":"fr-FR","potentialAction":[{"@type":"ReadAction","target":["https:\/\/nutriia.fr\/en_us\/documentation\/"]}]},{"@type":"ImageObject","inLanguage":"fr-FR","@id":"https:\/\/nutriia.fr\/en_us\/documentation\/#primaryimage","url":"https:\/\/nutriia.fr\/wp-content\/uploads\/2022\/01\/pexels-daria-shevtsova-704971-1024x683.jpg","contentUrl":"https:\/\/nutriia.fr\/wp-content\/uploads\/2022\/01\/pexels-daria-shevtsova-704971-1024x683.jpg"},{"@type":"BreadcrumbList","@id":"https:\/\/nutriia.fr\/en_us\/documentation\/#breadcrumb","itemListElement":[{"@type":"ListItem","position":1,"name":"Home","item":"https:\/\/nutriia.fr\/en_us\/"},{"@type":"ListItem","position":2,"name":"Documentation"}]},{"@type":"WebSite","@id":"https:\/\/nutriia.fr\/en_us\/#website","url":"https:\/\/nutriia.fr\/en_us\/","name":"NUTRIIA","description":"The First AI-Powered Dietetics Mobile Application","publisher":{"@id":"https:\/\/nutriia.fr\/en_us\/#organization"},"potentialAction":[{"@type":"SearchAction","target":{"@type":"EntryPoint","urlTemplate":"https:\/\/nutriia.fr\/en_us\/?s={search_term_string}"},"query-input":{"@type":"PropertyValueSpecification","valueRequired":true,"valueName":"search_term_string"}}],"inLanguage":"fr-FR"},{"@type":"Organization","@id":"https:\/\/nutriia.fr\/en_us\/#organization","name":"NUTRIIA","url":"https:\/\/nutriia.fr\/en_us\/","logo":{"@type":"ImageObject","inLanguage":"fr-FR","@id":"https:\/\/nutriia.fr\/en_us\/#\/schema\/logo\/image\/","url":"https:\/\/nutriia.fr\/wp-content\/uploads\/2023\/11\/Original-on-Transparent.png","contentUrl":"https:\/\/nutriia.fr\/wp-content\/uploads\/2023\/11\/Original-on-Transparent.png","width":3000,"height":2640,"caption":"NUTRIIA"},"image":{"@id":"https:\/\/nutriia.fr\/en_us\/#\/schema\/logo\/image\/"}}]}},"_links":{"self":[{"href":"https:\/\/nutriia.fr\/fr\/wp-json\/wp\/v2\/pages\/2300"}],"collection":[{"href":"https:\/\/nutriia.fr\/fr\/wp-json\/wp\/v2\/pages"}],"about":[{"href":"https:\/\/nutriia.fr\/fr\/wp-json\/wp\/v2\/types\/page"}],"author":[{"embeddable":true,"href":"https:\/\/nutriia.fr\/fr\/wp-json\/wp\/v2\/users\/1"}],"replies":[{"embeddable":true,"href":"https:\/\/nutriia.fr\/fr\/wp-json\/wp\/v2\/comments?post=2300"}],"version-history":[{"count":9,"href":"https:\/\/nutriia.fr\/fr\/wp-json\/wp\/v2\/pages\/2300\/revisions"}],"predecessor-version":[{"id":2614,"href":"https:\/\/nutriia.fr\/fr\/wp-json\/wp\/v2\/pages\/2300\/revisions\/2614"}],"wp:attachment":[{"href":"https:\/\/nutriia.fr\/fr\/wp-json\/wp\/v2\/media?parent=2300"}],"curies":[{"name":"wp","href":"https:\/\/api.w.org\/{rel}","templated":true}]}}